{"id":8794,"date":"2023-08-04T21:39:50","date_gmt":"2023-08-04T19:39:50","guid":{"rendered":"http:\/\/arpenviro.sk.d.r2.wbsprt.com\/?page_id=8794"},"modified":"2024-07-09T12:10:55","modified_gmt":"2024-07-09T10:10:55","slug":"ipkz-a-emisie","status":"publish","type":"page","link":"https:\/\/arpenviro.com\/en\/ipkz-a-emisie\/","title":{"rendered":"IPKZ, emissions\/immissions and odorous substances"},"content":{"rendered":"<div data-elementor-type=\"wp-page\" data-elementor-id=\"8794\" class=\"elementor elementor-8794\">\n\t\t\t\t\t\t<section class=\"elementor-section elementor-top-section elementor-element elementor-element-d74e59f elementor-section-boxed elementor-section-height-default elementor-section-height-default wd-section-disabled\" data-id=\"d74e59f\" data-element_type=\"section\" data-e-type=\"section\">\n\t\t\t\t\t\t<div class=\"elementor-container elementor-column-gap-default\">\n\t\t\t\t\t<div class=\"elementor-column elementor-col-50 elementor-top-column elementor-element elementor-element-9a25776\" data-id=\"9a25776\" data-element_type=\"column\" data-e-type=\"column\">\n\t\t\t<div class=\"elementor-widget-wrap elementor-element-populated\">\n\t\t\t\t\t\t<div class=\"elementor-element elementor-element-5e73700 elementor-widget elementor-widget-wd_text_block\" data-id=\"5e73700\" data-element_type=\"widget\" data-e-type=\"widget\" data-widget_type=\"wd_text_block.default\">\n\t\t\t\t<div class=\"elementor-widget-container\">\n\t\t\t\t\t\t\t\t<link rel=\"stylesheet\" id=\"wd-text-block-css\" href=\"https:\/\/arpenviro.com\/wp-content\/themes\/woodmart\/css\/parts\/el-text-block.min.css?ver=6.5.4\" type=\"text\/css\" media=\"all\" \/> \t\t\t\t\t<div class=\"wd-text-block reset-last-child text-left\">\n\t\t\t\n\t\t\t<h2>IPKZ<\/h2><p>We have the expertise to process applications for the issuance of an integrated permit and its changes for various types of operations and activities. We provide advice in communication with the concerned state administration bodies and the public. We prepare baseline reports, evaluate compliance, or we point out the non-compliance of the operations with the published Conclusions on BAT for the relevant industries.<\/p><p>You can find the legislative regulations currently valid for this area at the following links:<\/p><ul><li><a href=\"https:\/\/www.sizp.sk\/ipkz\" target=\"_blank\" rel=\"noopener\">https:\/\/www.sizp.sk\/ipkz<\/a><\/li><li><a href=\"https:\/\/www.enviroportal.sk\/environmentalne-temy\/starostlivost-o-zp\/ipkz---integrovana-prevencia-a-kontrola-znecistovania\" target=\"_blank\" rel=\"noopener\">https:\/\/www.enviroportal.sk\/environmentalne-temy\/starostlivost-o-zp\/ipkz---integrovana-prevencia-a-kontrola-znecistovania<\/a><\/li><li><a href=\"https:\/\/www.ippc.int\/en\/\" target=\"_blank\" rel=\"noopener\">https:\/\/www.ippc.int\/en\/<\/a><\/li><\/ul>\n\t\t\t\t\t<\/div>\n\t\t\t\t\t\t<\/div>\n\t\t\t\t<\/div>\n\t\t\t\t<div class=\"elementor-element elementor-element-d075e88 elementor-widget elementor-widget-wd_button\" data-id=\"d075e88\" data-element_type=\"widget\" data-e-type=\"widget\" data-widget_type=\"wd_button.default\">\n\t\t\t\t<div class=\"elementor-widget-container\">\n\t\t\t\t\t\t\t<div class=\"wd-button-wrapper text-center\" >\n\t\t\t<a class=\"btn btn-style-default btn-style-rectangle btn-size-default btn-color-primary btn-full-width btn-icon-pos-left\"  href=\"http:\/\/arpenviro.sk\/wp-content\/uploads\/2023\/08\/2020-04-28-150817-Osved__enie_o_odbornej_sp__sobilosti_na_IPKZ.pdf\">\n\t\t\t\t<span class=\"wd-btn-text\" data-elementor-setting-key=\"text\">\n\t\t\t\t\tCertificate of professional competence at IPKZ\t\t\t\t<\/span>\n\n\t\t\t\t\t\t\t\t\t<span class=\"wd-btn-icon\">\n\t\t\t\t\t\t<span class=\"wd-icon fas fa-file-download\"><\/span>\t\t\t\t\t<\/span>\n\t\t\t\t\t\t\t<\/a>\n\t\t<\/div>\n\t\t\t\t\t\t<\/div>\n\t\t\t\t<\/div>\n\t\t\t\t<div class=\"elementor-element elementor-element-73e2a24 elementor-widget elementor-widget-wd_button\" data-id=\"73e2a24\" data-element_type=\"widget\" data-e-type=\"widget\" data-widget_type=\"wd_button.default\">\n\t\t\t\t<div class=\"elementor-widget-container\">\n\t\t\t\t\t\t\t<div class=\"wd-button-wrapper text-center\" >\n\t\t\t<a class=\"btn btn-style-default btn-style-rectangle btn-size-default btn-color-primary btn-full-width btn-icon-pos-left\"  href=\"http:\/\/arpenviro.sk\/wp-content\/uploads\/2023\/08\/2020-06-09-162049-Predl__enie_platnosti_osved__enia.pdf\">\n\t\t\t\t<span class=\"wd-btn-text\" data-elementor-setting-key=\"text\">\n\t\t\t\t\tExtension of validity of the certificate\t\t\t\t<\/span>\n\n\t\t\t\t\t\t\t\t\t<span class=\"wd-btn-icon\">\n\t\t\t\t\t\t<span class=\"wd-icon fas fa-file-download\"><\/span>\t\t\t\t\t<\/span>\n\t\t\t\t\t\t\t<\/a>\n\t\t<\/div>\n\t\t\t\t\t\t<\/div>\n\t\t\t\t<\/div>\n\t\t\t\t<div class=\"elementor-element elementor-element-abc5a13 elementor-widget elementor-widget-wd_button\" data-id=\"abc5a13\" data-element_type=\"widget\" data-e-type=\"widget\" data-widget_type=\"wd_button.default\">\n\t\t\t\t<div class=\"elementor-widget-container\">\n\t\t\t\t\t\t\t<div class=\"wd-button-wrapper text-center\" >\n\t\t\t<a class=\"btn btn-style-default btn-style-rectangle btn-size-default btn-color-primary btn-full-width btn-icon-pos-left\"  href=\"http:\/\/arpenviro.sk\/wp-content\/uploads\/2023\/08\/Dodatok-c.2_odborna-sposobilost-pre-IPKZ.pdf\">\n\t\t\t\t<span class=\"wd-btn-text\" data-elementor-setting-key=\"text\">\n\t\t\t\t\tAddendum No. 2 Professional qualification IPKZ\t\t\t\t<\/span>\n\n\t\t\t\t\t\t\t\t\t<span class=\"wd-btn-icon\">\n\t\t\t\t\t\t<span class=\"wd-icon fas fa-file-download\"><\/span>\t\t\t\t\t<\/span>\n\t\t\t\t\t\t\t<\/a>\n\t\t<\/div>\n\t\t\t\t\t\t<\/div>\n\t\t\t\t<\/div>\n\t\t\t\t<div class=\"elementor-element elementor-element-0f0e1cb elementor-widget elementor-widget-wd_button\" data-id=\"0f0e1cb\" data-element_type=\"widget\" data-e-type=\"widget\" data-widget_type=\"wd_button.default\">\n\t\t\t\t<div class=\"elementor-widget-container\">\n\t\t\t\t\t\t\t<div class=\"wd-button-wrapper text-center\" >\n\t\t\t<a class=\"btn btn-style-default btn-style-rectangle btn-size-default btn-color-primary btn-full-width btn-icon-pos-left\"  href=\"http:\/\/arpenviro.sk\/wp-content\/uploads\/2023\/10\/Certificate_AERMOD.pdf\">\n\t\t\t\t<span class=\"wd-btn-text\" data-elementor-setting-key=\"text\">\n\t\t\t\t\tCertificate - Hana Hanuljakov\u00e1\t\t\t\t<\/span>\n\n\t\t\t\t\t\t\t\t\t<span class=\"wd-btn-icon\">\n\t\t\t\t\t\t<span class=\"wd-icon fas fa-file-download\"><\/span>\t\t\t\t\t<\/span>\n\t\t\t\t\t\t\t<\/a>\n\t\t<\/div>\n\t\t\t\t\t\t<\/div>\n\t\t\t\t<\/div>\n\t\t\t\t<div class=\"elementor-element elementor-element-dcfbf3d elementor-widget elementor-widget-wd_button\" data-id=\"dcfbf3d\" data-element_type=\"widget\" data-e-type=\"widget\" data-widget_type=\"wd_button.default\">\n\t\t\t\t<div class=\"elementor-widget-container\">\n\t\t\t\t\t\t\t<div class=\"wd-button-wrapper text-center\" >\n\t\t\t<a class=\"btn btn-style-default btn-style-rectangle btn-size-default btn-color-primary btn-full-width btn-icon-pos-left\"  href=\"http:\/\/arpenviro.sk\/wp-content\/uploads\/2024\/07\/Osvedcenie-o-odbornej-sposobilosti_IP-posudkyroztpyly.pdf\">\n\t\t\t\t<span class=\"wd-btn-text\" data-elementor-setting-key=\"text\">\n\t\t\t\t\tCertificate of professional competence_IP assessments\t\t\t\t<\/span>\n\n\t\t\t\t\t\t\t\t\t<span class=\"wd-btn-icon\">\n\t\t\t\t\t\t<span class=\"wd-icon fas fa-file-download\"><\/span>\t\t\t\t\t<\/span>\n\t\t\t\t\t\t\t<\/a>\n\t\t<\/div>\n\t\t\t\t\t\t<\/div>\n\t\t\t\t<\/div>\n\t\t\t\t\t<\/div>\n\t\t<\/div>\n\t\t\t\t<div class=\"elementor-column elementor-col-50 elementor-top-column elementor-element elementor-element-272ebda\" data-id=\"272ebda\" data-element_type=\"column\" data-e-type=\"column\">\n\t\t\t<div class=\"elementor-widget-wrap elementor-element-populated\">\n\t\t\t\t\t\t<div class=\"elementor-element elementor-element-9042c62 elementor-widget elementor-widget-wd_text_block\" data-id=\"9042c62\" data-element_type=\"widget\" data-e-type=\"widget\" data-widget_type=\"wd_text_block.default\">\n\t\t\t\t<div class=\"elementor-widget-container\">\n\t\t\t\t\t\t\t<div class=\"wd-text-block reset-last-child text-left\">\n\t\t\t\n\t\t\t<h2>Emissions \/ Immissions \/ Odor<\/h2><p>We are specialists in emissions and immissions of pollutants in the air, including odorous substances. Organizationally, we provide accredited and technological discontinuous emission measurements and functional tests of emission automated monitoring systems (AMS_E). We take air samples to determine its odor footprint. We prepare annual NEIS reports and operational documentation (Operation records, Sets of technical-operational parameters and technical-organizational measures for the operation of the air pollution source - STP, Operating procedures - instructions for the operator from the point of view of air protection, odor or dust control plans, etc.), as well as applications necessary for the issuance of binding opinions and\/or permits for sources of pollution and air and their changes, for all categories of sources and applications for approval of the procedure for calculating the amount of emission. We develop and evaluate dispersion studies of immissions and odorous substances. We provide consultations and advice in the field of air protection, we search for and propose optimal measures to reduce emissions. We provide technical support and assistance in the design and implementation of sources of air pollution, as well as in the design and implementation of corrective and preventive measures.<\/p><p><strong>You can find the legislative regulations currently valid for this area on the following links:<\/strong><\/p><ul><li><a href=\"https:\/\/www.minzp.sk\/ovzdusie\/ochrana-ovzdusia\/\">https:\/\/www.minzp.sk\/ovzdusie\/ochrana-ovzdusia\/<\/a><\/li><li><a href=\"https:\/\/www.slov-lex.sk\/domov\">https:\/\/www.slov-lex.sk\/domov<\/a><\/li><\/ul>\n\t\t\t\t\t<\/div>\n\t\t\t\t\t\t<\/div>\n\t\t\t\t<\/div>\n\t\t\t\t\t<\/div>\n\t\t<\/div>\n\t\t\t\t\t<\/div>\n\t\t<\/section>\n\t\t\t\t<\/div>","protected":false},"excerpt":{"rendered":"<p>IPKZ M\u00e1me odborn\u00fa sp\u00f4sobilos\u0165 na spracov\u00e1vanie \u017eiadost\u00ed o\u00a0vydanie integrovan\u00e9ho povolenia a\u00a0jeho zmien pre r\u00f4zne druhy prev\u00e1dzok a\u00a0vykon\u00e1van\u00fdch aktiv\u00edt. Poskytujeme poradenstvo<\/p>","protected":false},"author":1,"featured_media":0,"parent":0,"menu_order":0,"comment_status":"closed","ping_status":"closed","template":"","meta":{"footnotes":""},"class_list":["post-8794","page","type-page","status-publish","hentry"],"_links":{"self":[{"href":"https:\/\/arpenviro.com\/en\/wp-json\/wp\/v2\/pages\/8794","targetHints":{"allow":["GET"]}}],"collection":[{"href":"https:\/\/arpenviro.com\/en\/wp-json\/wp\/v2\/pages"}],"about":[{"href":"https:\/\/arpenviro.com\/en\/wp-json\/wp\/v2\/types\/page"}],"author":[{"embeddable":true,"href":"https:\/\/arpenviro.com\/en\/wp-json\/wp\/v2\/users\/1"}],"replies":[{"embeddable":true,"href":"https:\/\/arpenviro.com\/en\/wp-json\/wp\/v2\/comments?post=8794"}],"version-history":[{"count":43,"href":"https:\/\/arpenviro.com\/en\/wp-json\/wp\/v2\/pages\/8794\/revisions"}],"predecessor-version":[{"id":9167,"href":"https:\/\/arpenviro.com\/en\/wp-json\/wp\/v2\/pages\/8794\/revisions\/9167"}],"wp:attachment":[{"href":"https:\/\/arpenviro.com\/en\/wp-json\/wp\/v2\/media?parent=8794"}],"curies":[{"name":"wp","href":"https:\/\/api.w.org\/{rel}","templated":true}]}}